{"id":1153,"date":"2024-04-23T12:04:39","date_gmt":"2024-04-23T12:04:39","guid":{"rendered":"https:\/\/abacbarcelona.com\/?page_id=1153"},"modified":"2024-07-10T07:53:06","modified_gmt":"2024-07-10T07:53:06","slug":"politica-de-privacitat","status":"publish","type":"page","link":"https:\/\/abacbarcelona.com\/ca\/politica-de-privacitat\/","title":{"rendered":"Pol\u00edtica de privacitat"},"content":{"rendered":"\n<p><strong>En compliment del que estableix la Llei Org\u00e0nica 03\/2018, de 05 de desembre, de Protecci\u00f3 de Dades de Car\u00e0cter Personal i Garantia de Drets Digitals (LOPD &#8211; GDD) consento que les dades facilitades en el present formulari siguin incorporades a un fitxer del qual n\u2019\u00e9s titular HORECANGLE S.L., amb la finalitat de:<\/strong><\/p>\n\n\n\n<p><strong>La tramitaci\u00f3 i gesti\u00f3 de la sol\u00b7licitud d\u2019informaci\u00f3, contracte o precontracte realitzat per l\u2019usuari mitjan\u00e7ant aquest web, tel\u00e8fon, correu postal o correu electr\u00f2nic. La gesti\u00f3 i control peri\u00f2dic dels serveis oferts pels mitjans abans mencionats.&nbsp; L\u2019enviament d\u2019informaci\u00f3 comercial sobre els serveis i productes de HORECANGLE S.L., empreses del grup i filials que es puguin oferir a l\u2019usuari d\u2019aquest web.&nbsp;<\/strong><\/p>\n\n\n\n<p><strong>L\u2019emplenament de totes les dades personals facilitades \u00e9s totalment volunt\u00e0ria, per\u00f2 necess\u00e0ria per a la gesti\u00f3 de la seva sol\u00b7licitud i l\u2019usuari es fa responsable de la seva veracitat i exactitud.&nbsp;&nbsp;<\/strong><\/p>\n\n\n\n<p><strong>Consento que les meves dades puguin ser cedides, exclusivament per a les finalitats indicades anteriorment, a d\u2019altres entitats pertanyents al grup d\u2019empreses de&nbsp; HORECANGLE S.L., filials i participades, aix\u00ed com a d\u2019altres persones f\u00edsiques o jur\u00eddiques que, aix\u00ed mateix, desenvolupin qualsevol de les activitats esmentades i amb les quals les distintes entitats de les empreses abans mencionades concloguin acords de col\u00b7laboraci\u00f3. Tot aix\u00f2 tant si es formalitza o no alguna operaci\u00f3.<\/strong><\/p>\n\n\n\n<p><strong>Tanmateix, declaro haver estat informat de la possibilitat d\u2019exercir els drets d\u2019acc\u00e9s, rectificaci\u00f3, supressi\u00f3, limitaci\u00f3 del tractament, portabilitat de les dades, oposici\u00f3, a no ser objecte de decisions individuals i automatitzades de les meves dades mitjan\u00e7ant comunicaci\u00f3 escrita dirigida a: HORECANGLE S.L., AVDA. TIBIDABO, 1-7&nbsp; 08022 BARCELONA RF. LOPD, o mitjan\u00e7ant correu electr\u00f2nic a: lopd@abacgroup.barcelona, identificant-me degudament.&nbsp;<\/strong><\/p>\n","protected":false},"excerpt":{"rendered":"<p>En compliment del que estableix la Llei Org\u00e0nica 03\/2018, de 05 de desembre, de Protecci\u00f3 de Dades de Car\u00e0cter Personal i Garantia de Drets Digitals (LOPD &#8211; GDD) consento que les dades facilitades en el present formulari siguin incorporades a un fitxer del qual n\u2019\u00e9s titular HORECANGLE S.L., amb la finalitat de: La tramitaci\u00f3 i [&hellip;]<\/p>\n","protected":false},"author":1,"featured_media":0,"parent":0,"menu_order":0,"comment_status":"closed","ping_status":"closed","template":"","meta":{"_acf_changed":false,"inline_featured_image":false,"footnotes":""},"class_list":["post-1153","page","type-page","status-publish","hentry"],"acf":[],"yoast_head":"<!-- This site is optimized with the Yoast SEO plugin v26.7 - https:\/\/yoast.com\/wordpress\/plugins\/seo\/ -->\n<title>Pol\u00edtica de privacitat - ABaC Hotel Barcelona<\/title>\n<meta name=\"robots\" content=\"index, follow, max-snippet:-1, max-image-preview:large, max-video-preview:-1\" \/>\n<link rel=\"canonical\" href=\"https:\/\/abacbarcelona.com\/ca\/politica-de-privacitat\/\" \/>\n<meta property=\"og:locale\" content=\"ca_ES\" \/>\n<meta property=\"og:type\" content=\"article\" \/>\n<meta property=\"og:title\" content=\"Pol\u00edtica de privacitat - ABaC Hotel Barcelona\" \/>\n<meta property=\"og:description\" content=\"En compliment del que estableix la Llei Org\u00e0nica 03\/2018, de 05 de desembre, de Protecci\u00f3 de Dades de Car\u00e0cter Personal i Garantia de Drets Digitals (LOPD &#8211; GDD) consento que les dades facilitades en el present formulari siguin incorporades a un fitxer del qual n\u2019\u00e9s titular HORECANGLE S.L., amb la finalitat de: La tramitaci\u00f3 i [&hellip;]\" \/>\n<meta property=\"og:url\" content=\"https:\/\/abacbarcelona.com\/ca\/politica-de-privacitat\/\" \/>\n<meta property=\"og:site_name\" content=\"ABaC Hotel Barcelona\" \/>\n<meta property=\"article:modified_time\" content=\"2024-07-10T07:53:06+00:00\" \/>\n<meta name=\"twitter:card\" content=\"summary_large_image\" \/>\n<meta name=\"twitter:label1\" content=\"Temps estimat de lectura\" \/>\n\t<meta name=\"twitter:data1\" content=\"2 minuts\" \/>\n<script type=\"application\/ld+json\" class=\"yoast-schema-graph\">{\"@context\":\"https:\/\/schema.org\",\"@graph\":[{\"@type\":\"WebPage\",\"@id\":\"https:\/\/abacbarcelona.com\/ca\/politica-de-privacitat\/\",\"url\":\"https:\/\/abacbarcelona.com\/ca\/politica-de-privacitat\/\",\"name\":\"Pol\u00edtica de privacitat - ABaC Hotel Barcelona\",\"isPartOf\":{\"@id\":\"https:\/\/abacbarcelona.com\/ca\/#website\"},\"datePublished\":\"2024-04-23T12:04:39+00:00\",\"dateModified\":\"2024-07-10T07:53:06+00:00\",\"breadcrumb\":{\"@id\":\"https:\/\/abacbarcelona.com\/ca\/politica-de-privacitat\/#breadcrumb\"},\"inLanguage\":\"ca\",\"potentialAction\":[{\"@type\":\"ReadAction\",\"target\":[\"https:\/\/abacbarcelona.com\/ca\/politica-de-privacitat\/\"]}]},{\"@type\":\"BreadcrumbList\",\"@id\":\"https:\/\/abacbarcelona.com\/ca\/politica-de-privacitat\/#breadcrumb\",\"itemListElement\":[{\"@type\":\"ListItem\",\"position\":1,\"name\":\"Home\",\"item\":\"https:\/\/abacbarcelona.com\/ca\/\"},{\"@type\":\"ListItem\",\"position\":2,\"name\":\"Pol\u00edtica de privacitat\"}]},{\"@type\":\"WebSite\",\"@id\":\"https:\/\/abacbarcelona.com\/ca\/#website\",\"url\":\"https:\/\/abacbarcelona.com\/ca\/\",\"name\":\"ABaC Hotel Barcelona\",\"description\":\"\",\"publisher\":{\"@id\":\"https:\/\/abacbarcelona.com\/ca\/#organization\"},\"potentialAction\":[{\"@type\":\"SearchAction\",\"target\":{\"@type\":\"EntryPoint\",\"urlTemplate\":\"https:\/\/abacbarcelona.com\/ca\/?s={search_term_string}\"},\"query-input\":{\"@type\":\"PropertyValueSpecification\",\"valueRequired\":true,\"valueName\":\"search_term_string\"}}],\"inLanguage\":\"ca\"},{\"@type\":\"Organization\",\"@id\":\"https:\/\/abacbarcelona.com\/ca\/#organization\",\"name\":\"ABaC Hotel Barcelona\",\"url\":\"https:\/\/abacbarcelona.com\/ca\/\",\"logo\":{\"@type\":\"ImageObject\",\"inLanguage\":\"ca\",\"@id\":\"https:\/\/abacbarcelona.com\/ca\/#\/schema\/logo\/image\/\",\"url\":\"https:\/\/abacbarcelona.com\/wp-content\/uploads\/2024\/09\/cropped-fav-abac-hotel.png\",\"contentUrl\":\"https:\/\/abacbarcelona.com\/wp-content\/uploads\/2024\/09\/cropped-fav-abac-hotel.png\",\"width\":512,\"height\":512,\"caption\":\"ABaC Hotel Barcelona\"},\"image\":{\"@id\":\"https:\/\/abacbarcelona.com\/ca\/#\/schema\/logo\/image\/\"}}]}<\/script>\n<!-- \/ Yoast SEO plugin. -->","yoast_head_json":{"title":"Pol\u00edtica de privacitat - ABaC Hotel Barcelona","robots":{"index":"index","follow":"follow","max-snippet":"max-snippet:-1","max-image-preview":"max-image-preview:large","max-video-preview":"max-video-preview:-1"},"canonical":"https:\/\/abacbarcelona.com\/ca\/politica-de-privacitat\/","og_locale":"ca_ES","og_type":"article","og_title":"Pol\u00edtica de privacitat - ABaC Hotel Barcelona","og_description":"En compliment del que estableix la Llei Org\u00e0nica 03\/2018, de 05 de desembre, de Protecci\u00f3 de Dades de Car\u00e0cter Personal i Garantia de Drets Digitals (LOPD &#8211; GDD) consento que les dades facilitades en el present formulari siguin incorporades a un fitxer del qual n\u2019\u00e9s titular HORECANGLE S.L., amb la finalitat de: La tramitaci\u00f3 i [&hellip;]","og_url":"https:\/\/abacbarcelona.com\/ca\/politica-de-privacitat\/","og_site_name":"ABaC Hotel Barcelona","article_modified_time":"2024-07-10T07:53:06+00:00","twitter_card":"summary_large_image","twitter_misc":{"Temps estimat de lectura":"2 minuts"},"schema":{"@context":"https:\/\/schema.org","@graph":[{"@type":"WebPage","@id":"https:\/\/abacbarcelona.com\/ca\/politica-de-privacitat\/","url":"https:\/\/abacbarcelona.com\/ca\/politica-de-privacitat\/","name":"Pol\u00edtica de privacitat - ABaC Hotel Barcelona","isPartOf":{"@id":"https:\/\/abacbarcelona.com\/ca\/#website"},"datePublished":"2024-04-23T12:04:39+00:00","dateModified":"2024-07-10T07:53:06+00:00","breadcrumb":{"@id":"https:\/\/abacbarcelona.com\/ca\/politica-de-privacitat\/#breadcrumb"},"inLanguage":"ca","potentialAction":[{"@type":"ReadAction","target":["https:\/\/abacbarcelona.com\/ca\/politica-de-privacitat\/"]}]},{"@type":"BreadcrumbList","@id":"https:\/\/abacbarcelona.com\/ca\/politica-de-privacitat\/#breadcrumb","itemListElement":[{"@type":"ListItem","position":1,"name":"Home","item":"https:\/\/abacbarcelona.com\/ca\/"},{"@type":"ListItem","position":2,"name":"Pol\u00edtica de privacitat"}]},{"@type":"WebSite","@id":"https:\/\/abacbarcelona.com\/ca\/#website","url":"https:\/\/abacbarcelona.com\/ca\/","name":"ABaC Hotel Barcelona","description":"","publisher":{"@id":"https:\/\/abacbarcelona.com\/ca\/#organization"},"potentialAction":[{"@type":"SearchAction","target":{"@type":"EntryPoint","urlTemplate":"https:\/\/abacbarcelona.com\/ca\/?s={search_term_string}"},"query-input":{"@type":"PropertyValueSpecification","valueRequired":true,"valueName":"search_term_string"}}],"inLanguage":"ca"},{"@type":"Organization","@id":"https:\/\/abacbarcelona.com\/ca\/#organization","name":"ABaC Hotel Barcelona","url":"https:\/\/abacbarcelona.com\/ca\/","logo":{"@type":"ImageObject","inLanguage":"ca","@id":"https:\/\/abacbarcelona.com\/ca\/#\/schema\/logo\/image\/","url":"https:\/\/abacbarcelona.com\/wp-content\/uploads\/2024\/09\/cropped-fav-abac-hotel.png","contentUrl":"https:\/\/abacbarcelona.com\/wp-content\/uploads\/2024\/09\/cropped-fav-abac-hotel.png","width":512,"height":512,"caption":"ABaC Hotel Barcelona"},"image":{"@id":"https:\/\/abacbarcelona.com\/ca\/#\/schema\/logo\/image\/"}}]}},"_links":{"self":[{"href":"https:\/\/abacbarcelona.com\/ca\/wp-json\/wp\/v2\/pages\/1153","targetHints":{"allow":["GET"]}}],"collection":[{"href":"https:\/\/abacbarcelona.com\/ca\/wp-json\/wp\/v2\/pages"}],"about":[{"href":"https:\/\/abacbarcelona.com\/ca\/wp-json\/wp\/v2\/types\/page"}],"author":[{"embeddable":true,"href":"https:\/\/abacbarcelona.com\/ca\/wp-json\/wp\/v2\/users\/1"}],"replies":[{"embeddable":true,"href":"https:\/\/abacbarcelona.com\/ca\/wp-json\/wp\/v2\/comments?post=1153"}],"version-history":[{"count":2,"href":"https:\/\/abacbarcelona.com\/ca\/wp-json\/wp\/v2\/pages\/1153\/revisions"}],"predecessor-version":[{"id":1409,"href":"https:\/\/abacbarcelona.com\/ca\/wp-json\/wp\/v2\/pages\/1153\/revisions\/1409"}],"wp:attachment":[{"href":"https:\/\/abacbarcelona.com\/ca\/wp-json\/wp\/v2\/media?parent=1153"}],"curies":[{"name":"wp","href":"https:\/\/api.w.org\/{rel}","templated":true}]}}